{"id":74,"date":"2022-06-20T17:59:11","date_gmt":"2022-06-20T15:59:11","guid":{"rendered":"https:\/\/www.rachat-cash.com\/moto\/?page_id=74"},"modified":"2022-07-25T10:13:33","modified_gmt":"2022-07-25T08:13:33","slug":"faq","status":"publish","type":"page","link":"https:\/\/www.rachat-cash.com\/moto\/faq\/","title":{"rendered":"FAQ"},"content":{"rendered":"","protected":false},"excerpt":{"rendered":"","protected":false},"author":1,"featured_media":0,"parent":0,"menu_order":0,"comment_status":"closed","ping_status":"closed","template":"template-faq.php","meta":[],"yoast_head":"<!-- This site is optimized with the Yoast SEO plugin v19.1 - https:\/\/yoast.com\/wordpress\/plugins\/seo\/ -->\n<title>FAQ Les r\u00e9ponses \u00e0 vos questions - Rachat Cash Moto<\/title>\n<meta name=\"description\" content=\"Toutes les r\u00e9ponses \u00e0 vos questions sur la reprise de votre deux roues dans notre FAQ. D\u00e9marches, mode de paiement, informations...\" \/>\n<meta name=\"robots\" content=\"index, follow, max-snippet:-1, max-image-preview:large, max-video-preview:-1\" \/>\n<link rel=\"canonical\" href=\"https:\/\/www.rachat-cash.com\/moto\/faq\/\" \/>\n<meta property=\"og:locale\" content=\"fr_FR\" \/>\n<meta property=\"og:type\" content=\"article\" \/>\n<meta property=\"og:title\" content=\"FAQ Les r\u00e9ponses \u00e0 vos questions - Rachat Cash Moto\" \/>\n<meta property=\"og:description\" content=\"Toutes les r\u00e9ponses \u00e0 vos questions sur la reprise de votre deux roues dans notre FAQ. D\u00e9marches, mode de paiement, informations...\" \/>\n<meta property=\"og:url\" content=\"https:\/\/www.rachat-cash.com\/moto\/faq\/\" \/>\n<meta property=\"og:site_name\" content=\"Rachat Cash Moto\" \/>\n<meta property=\"article:modified_time\" content=\"2022-07-25T08:13:33+00:00\" \/>\n<meta name=\"twitter:card\" content=\"summary_large_image\" \/>\n<script type=\"application\/ld+json\" class=\"yoast-schema-graph\">{\"@context\":\"https:\/\/schema.org\",\"@graph\":[{\"@type\":\"Organization\",\"@id\":\"https:\/\/www.rachat-cash.com\/moto\/#organization\",\"name\":\"Rachat Cash Moto\",\"url\":\"https:\/\/www.rachat-cash.com\/moto\/\",\"sameAs\":[],\"logo\":{\"@type\":\"ImageObject\",\"inLanguage\":\"fr-FR\",\"@id\":\"https:\/\/www.rachat-cash.com\/moto\/#\/schema\/logo\/image\/\",\"url\":\"https:\/\/www.rachat-cash.com\/content\/uploads\/sites\/2\/2022\/10\/logo-rachat-cash-dark.svg\",\"contentUrl\":\"https:\/\/www.rachat-cash.com\/content\/uploads\/sites\/2\/2022\/10\/logo-rachat-cash-dark.svg\",\"caption\":\"Rachat Cash Moto\"},\"image\":{\"@id\":\"https:\/\/www.rachat-cash.com\/moto\/#\/schema\/logo\/image\/\"}},{\"@type\":\"WebSite\",\"@id\":\"https:\/\/www.rachat-cash.com\/moto\/#website\",\"url\":\"https:\/\/www.rachat-cash.com\/moto\/\",\"name\":\"Rachat Cash Moto\",\"description\":\"\",\"publisher\":{\"@id\":\"https:\/\/www.rachat-cash.com\/moto\/#organization\"},\"potentialAction\":[{\"@type\":\"SearchAction\",\"target\":{\"@type\":\"EntryPoint\",\"urlTemplate\":\"https:\/\/www.rachat-cash.com\/moto\/?s={search_term_string}\"},\"query-input\":\"required name=search_term_string\"}],\"inLanguage\":\"fr-FR\"},{\"@type\":\"WebPage\",\"@id\":\"https:\/\/www.rachat-cash.com\/moto\/faq\/#webpage\",\"url\":\"https:\/\/www.rachat-cash.com\/moto\/faq\/\",\"name\":\"FAQ Les r\u00e9ponses \u00e0 vos questions - Rachat Cash Moto\",\"isPartOf\":{\"@id\":\"https:\/\/www.rachat-cash.com\/moto\/#website\"},\"datePublished\":\"2022-06-20T15:59:11+00:00\",\"dateModified\":\"2022-07-25T08:13:33+00:00\",\"description\":\"Toutes les r\u00e9ponses \u00e0 vos questions sur la reprise de votre deux roues dans notre FAQ. D\u00e9marches, mode de paiement, informations...\",\"breadcrumb\":{\"@id\":\"https:\/\/www.rachat-cash.com\/moto\/faq\/#breadcrumb\"},\"inLanguage\":\"fr-FR\",\"potentialAction\":[{\"@type\":\"ReadAction\",\"target\":[\"https:\/\/www.rachat-cash.com\/moto\/faq\/\"]}]},{\"@type\":\"BreadcrumbList\",\"@id\":\"https:\/\/www.rachat-cash.com\/moto\/faq\/#breadcrumb\",\"itemListElement\":[{\"@type\":\"ListItem\",\"position\":1,\"name\":\"FAQ\"}]}]}<\/script>\n<!-- \/ Yoast SEO plugin. -->","yoast_head_json":{"title":"FAQ Les r\u00e9ponses \u00e0 vos questions - Rachat Cash Moto","description":"Toutes les r\u00e9ponses \u00e0 vos questions sur la reprise de votre deux roues dans notre FAQ. D\u00e9marches, mode de paiement, informations...","robots":{"index":"index","follow":"follow","max-snippet":"max-snippet:-1","max-image-preview":"max-image-preview:large","max-video-preview":"max-video-preview:-1"},"canonical":"https:\/\/www.rachat-cash.com\/moto\/faq\/","og_locale":"fr_FR","og_type":"article","og_title":"FAQ Les r\u00e9ponses \u00e0 vos questions - Rachat Cash Moto","og_description":"Toutes les r\u00e9ponses \u00e0 vos questions sur la reprise de votre deux roues dans notre FAQ. D\u00e9marches, mode de paiement, informations...","og_url":"https:\/\/www.rachat-cash.com\/moto\/faq\/","og_site_name":"Rachat Cash Moto","article_modified_time":"2022-07-25T08:13:33+00:00","twitter_card":"summary_large_image","schema":{"@context":"https:\/\/schema.org","@graph":[{"@type":"Organization","@id":"https:\/\/www.rachat-cash.com\/moto\/#organization","name":"Rachat Cash Moto","url":"https:\/\/www.rachat-cash.com\/moto\/","sameAs":[],"logo":{"@type":"ImageObject","inLanguage":"fr-FR","@id":"https:\/\/www.rachat-cash.com\/moto\/#\/schema\/logo\/image\/","url":"https:\/\/www.rachat-cash.com\/content\/uploads\/sites\/2\/2022\/10\/logo-rachat-cash-dark.svg","contentUrl":"https:\/\/www.rachat-cash.com\/content\/uploads\/sites\/2\/2022\/10\/logo-rachat-cash-dark.svg","caption":"Rachat Cash Moto"},"image":{"@id":"https:\/\/www.rachat-cash.com\/moto\/#\/schema\/logo\/image\/"}},{"@type":"WebSite","@id":"https:\/\/www.rachat-cash.com\/moto\/#website","url":"https:\/\/www.rachat-cash.com\/moto\/","name":"Rachat Cash Moto","description":"","publisher":{"@id":"https:\/\/www.rachat-cash.com\/moto\/#organization"},"potentialAction":[{"@type":"SearchAction","target":{"@type":"EntryPoint","urlTemplate":"https:\/\/www.rachat-cash.com\/moto\/?s={search_term_string}"},"query-input":"required name=search_term_string"}],"inLanguage":"fr-FR"},{"@type":"WebPage","@id":"https:\/\/www.rachat-cash.com\/moto\/faq\/#webpage","url":"https:\/\/www.rachat-cash.com\/moto\/faq\/","name":"FAQ Les r\u00e9ponses \u00e0 vos questions - Rachat Cash Moto","isPartOf":{"@id":"https:\/\/www.rachat-cash.com\/moto\/#website"},"datePublished":"2022-06-20T15:59:11+00:00","dateModified":"2022-07-25T08:13:33+00:00","description":"Toutes les r\u00e9ponses \u00e0 vos questions sur la reprise de votre deux roues dans notre FAQ. D\u00e9marches, mode de paiement, informations...","breadcrumb":{"@id":"https:\/\/www.rachat-cash.com\/moto\/faq\/#breadcrumb"},"inLanguage":"fr-FR","potentialAction":[{"@type":"ReadAction","target":["https:\/\/www.rachat-cash.com\/moto\/faq\/"]}]},{"@type":"BreadcrumbList","@id":"https:\/\/www.rachat-cash.com\/moto\/faq\/#breadcrumb","itemListElement":[{"@type":"ListItem","position":1,"name":"FAQ"}]}]}},"_links":{"self":[{"href":"https:\/\/www.rachat-cash.com\/moto\/wp-json\/wp\/v2\/pages\/74"}],"collection":[{"href":"https:\/\/www.rachat-cash.com\/moto\/wp-json\/wp\/v2\/pages"}],"about":[{"href":"https:\/\/www.rachat-cash.com\/moto\/wp-json\/wp\/v2\/types\/page"}],"author":[{"embeddable":true,"href":"https:\/\/www.rachat-cash.com\/moto\/wp-json\/wp\/v2\/users\/1"}],"replies":[{"embeddable":true,"href":"https:\/\/www.rachat-cash.com\/moto\/wp-json\/wp\/v2\/comments?post=74"}],"version-history":[{"count":1,"href":"https:\/\/www.rachat-cash.com\/moto\/wp-json\/wp\/v2\/pages\/74\/revisions"}],"predecessor-version":[{"id":76,"href":"https:\/\/www.rachat-cash.com\/moto\/wp-json\/wp\/v2\/pages\/74\/revisions\/76"}],"wp:attachment":[{"href":"https:\/\/www.rachat-cash.com\/moto\/wp-json\/wp\/v2\/media?parent=74"}],"curies":[{"name":"wp","href":"https:\/\/api.w.org\/{rel}","templated":true}]}}