{"id":179,"date":"2022-07-01T11:18:02","date_gmt":"2022-07-01T09:18:02","guid":{"rendered":"https:\/\/www.rachat-cash.com\/moto\/?page_id=179"},"modified":"2023-03-09T09:55:29","modified_gmt":"2023-03-09T08:55:29","slug":"calcul-estimation-reprise-moto","status":"publish","type":"page","link":"https:\/\/www.rachat-cash.com\/moto\/calcul-estimation-reprise-moto\/","title":{"rendered":"Comment est estim\u00e9 mon deux-roues ?"},"content":{"rendered":"","protected":false},"excerpt":{"rendered":"","protected":false},"author":5,"featured_media":0,"parent":0,"menu_order":0,"comment_status":"closed","ping_status":"closed","template":"template-contenu.php","meta":[],"yoast_head":"<!-- This site is optimized with the Yoast SEO plugin v19.1 - https:\/\/yoast.com\/wordpress\/plugins\/seo\/ -->\n<title>Calcul estimation moto en 3 minutes - Rachat Cash Moto<\/title>\n<meta name=\"description\" content=\"Vous souhaitez conna\u00eetre le calcul d&#039;une estimation moto ? D\u00e9couvrez les r\u00e9ponses et les conseils de Rachat Cash Moto !\" \/>\n<meta name=\"robots\" content=\"index, follow, max-snippet:-1, max-image-preview:large, max-video-preview:-1\" \/>\n<link rel=\"canonical\" href=\"https:\/\/www.rachat-cash.com\/moto\/calcul-estimation-reprise-moto\/\" \/>\n<meta property=\"og:locale\" content=\"fr_FR\" \/>\n<meta property=\"og:type\" content=\"article\" \/>\n<meta property=\"og:title\" content=\"Calcul estimation moto en 3 minutes - Rachat Cash Moto\" \/>\n<meta property=\"og:description\" content=\"Vous souhaitez conna\u00eetre le calcul d&#039;une estimation moto ? D\u00e9couvrez les r\u00e9ponses et les conseils de Rachat Cash Moto !\" \/>\n<meta property=\"og:url\" content=\"https:\/\/www.rachat-cash.com\/moto\/calcul-estimation-reprise-moto\/\" \/>\n<meta property=\"og:site_name\" content=\"Rachat Cash Moto\" \/>\n<meta property=\"article:modified_time\" content=\"2023-03-09T08:55:29+00:00\" \/>\n<meta name=\"twitter:card\" content=\"summary_large_image\" \/>\n<script type=\"application\/ld+json\" class=\"yoast-schema-graph\">{\"@context\":\"https:\/\/schema.org\",\"@graph\":[{\"@type\":\"Organization\",\"@id\":\"https:\/\/www.rachat-cash.com\/moto\/#organization\",\"name\":\"Rachat Cash Moto\",\"url\":\"https:\/\/www.rachat-cash.com\/moto\/\",\"sameAs\":[],\"logo\":{\"@type\":\"ImageObject\",\"inLanguage\":\"fr-FR\",\"@id\":\"https:\/\/www.rachat-cash.com\/moto\/#\/schema\/logo\/image\/\",\"url\":\"https:\/\/www.rachat-cash.com\/content\/uploads\/sites\/2\/2022\/10\/logo-rachat-cash-dark.svg\",\"contentUrl\":\"https:\/\/www.rachat-cash.com\/content\/uploads\/sites\/2\/2022\/10\/logo-rachat-cash-dark.svg\",\"caption\":\"Rachat Cash Moto\"},\"image\":{\"@id\":\"https:\/\/www.rachat-cash.com\/moto\/#\/schema\/logo\/image\/\"}},{\"@type\":\"WebSite\",\"@id\":\"https:\/\/www.rachat-cash.com\/moto\/#website\",\"url\":\"https:\/\/www.rachat-cash.com\/moto\/\",\"name\":\"Rachat Cash Moto\",\"description\":\"\",\"publisher\":{\"@id\":\"https:\/\/www.rachat-cash.com\/moto\/#organization\"},\"potentialAction\":[{\"@type\":\"SearchAction\",\"target\":{\"@type\":\"EntryPoint\",\"urlTemplate\":\"https:\/\/www.rachat-cash.com\/moto\/?s={search_term_string}\"},\"query-input\":\"required name=search_term_string\"}],\"inLanguage\":\"fr-FR\"},{\"@type\":\"WebPage\",\"@id\":\"https:\/\/www.rachat-cash.com\/moto\/calcul-estimation-reprise-moto\/#webpage\",\"url\":\"https:\/\/www.rachat-cash.com\/moto\/calcul-estimation-reprise-moto\/\",\"name\":\"Calcul estimation moto en 3 minutes - Rachat Cash Moto\",\"isPartOf\":{\"@id\":\"https:\/\/www.rachat-cash.com\/moto\/#website\"},\"datePublished\":\"2022-07-01T09:18:02+00:00\",\"dateModified\":\"2023-03-09T08:55:29+00:00\",\"description\":\"Vous souhaitez conna\u00eetre le calcul d'une estimation moto ? D\u00e9couvrez les r\u00e9ponses et les conseils de Rachat Cash Moto !\",\"breadcrumb\":{\"@id\":\"https:\/\/www.rachat-cash.com\/moto\/calcul-estimation-reprise-moto\/#breadcrumb\"},\"inLanguage\":\"fr-FR\",\"potentialAction\":[{\"@type\":\"ReadAction\",\"target\":[\"https:\/\/www.rachat-cash.com\/moto\/calcul-estimation-reprise-moto\/\"]}]},{\"@type\":\"BreadcrumbList\",\"@id\":\"https:\/\/www.rachat-cash.com\/moto\/calcul-estimation-reprise-moto\/#breadcrumb\",\"itemListElement\":[{\"@type\":\"ListItem\",\"position\":1,\"name\":\"Comment est estim\u00e9 mon deux-roues ?\"}]}]}<\/script>\n<!-- \/ Yoast SEO plugin. -->","yoast_head_json":{"title":"Calcul estimation moto en 3 minutes - Rachat Cash Moto","description":"Vous souhaitez conna\u00eetre le calcul d'une estimation moto ? D\u00e9couvrez les r\u00e9ponses et les conseils de Rachat Cash Moto !","robots":{"index":"index","follow":"follow","max-snippet":"max-snippet:-1","max-image-preview":"max-image-preview:large","max-video-preview":"max-video-preview:-1"},"canonical":"https:\/\/www.rachat-cash.com\/moto\/calcul-estimation-reprise-moto\/","og_locale":"fr_FR","og_type":"article","og_title":"Calcul estimation moto en 3 minutes - Rachat Cash Moto","og_description":"Vous souhaitez conna\u00eetre le calcul d'une estimation moto ? D\u00e9couvrez les r\u00e9ponses et les conseils de Rachat Cash Moto !","og_url":"https:\/\/www.rachat-cash.com\/moto\/calcul-estimation-reprise-moto\/","og_site_name":"Rachat Cash Moto","article_modified_time":"2023-03-09T08:55:29+00:00","twitter_card":"summary_large_image","schema":{"@context":"https:\/\/schema.org","@graph":[{"@type":"Organization","@id":"https:\/\/www.rachat-cash.com\/moto\/#organization","name":"Rachat Cash Moto","url":"https:\/\/www.rachat-cash.com\/moto\/","sameAs":[],"logo":{"@type":"ImageObject","inLanguage":"fr-FR","@id":"https:\/\/www.rachat-cash.com\/moto\/#\/schema\/logo\/image\/","url":"https:\/\/www.rachat-cash.com\/content\/uploads\/sites\/2\/2022\/10\/logo-rachat-cash-dark.svg","contentUrl":"https:\/\/www.rachat-cash.com\/content\/uploads\/sites\/2\/2022\/10\/logo-rachat-cash-dark.svg","caption":"Rachat Cash Moto"},"image":{"@id":"https:\/\/www.rachat-cash.com\/moto\/#\/schema\/logo\/image\/"}},{"@type":"WebSite","@id":"https:\/\/www.rachat-cash.com\/moto\/#website","url":"https:\/\/www.rachat-cash.com\/moto\/","name":"Rachat Cash Moto","description":"","publisher":{"@id":"https:\/\/www.rachat-cash.com\/moto\/#organization"},"potentialAction":[{"@type":"SearchAction","target":{"@type":"EntryPoint","urlTemplate":"https:\/\/www.rachat-cash.com\/moto\/?s={search_term_string}"},"query-input":"required name=search_term_string"}],"inLanguage":"fr-FR"},{"@type":"WebPage","@id":"https:\/\/www.rachat-cash.com\/moto\/calcul-estimation-reprise-moto\/#webpage","url":"https:\/\/www.rachat-cash.com\/moto\/calcul-estimation-reprise-moto\/","name":"Calcul estimation moto en 3 minutes - Rachat Cash Moto","isPartOf":{"@id":"https:\/\/www.rachat-cash.com\/moto\/#website"},"datePublished":"2022-07-01T09:18:02+00:00","dateModified":"2023-03-09T08:55:29+00:00","description":"Vous souhaitez conna\u00eetre le calcul d'une estimation moto ? D\u00e9couvrez les r\u00e9ponses et les conseils de Rachat Cash Moto !","breadcrumb":{"@id":"https:\/\/www.rachat-cash.com\/moto\/calcul-estimation-reprise-moto\/#breadcrumb"},"inLanguage":"fr-FR","potentialAction":[{"@type":"ReadAction","target":["https:\/\/www.rachat-cash.com\/moto\/calcul-estimation-reprise-moto\/"]}]},{"@type":"BreadcrumbList","@id":"https:\/\/www.rachat-cash.com\/moto\/calcul-estimation-reprise-moto\/#breadcrumb","itemListElement":[{"@type":"ListItem","position":1,"name":"Comment est estim\u00e9 mon deux-roues ?"}]}]}},"_links":{"self":[{"href":"https:\/\/www.rachat-cash.com\/moto\/wp-json\/wp\/v2\/pages\/179"}],"collection":[{"href":"https:\/\/www.rachat-cash.com\/moto\/wp-json\/wp\/v2\/pages"}],"about":[{"href":"https:\/\/www.rachat-cash.com\/moto\/wp-json\/wp\/v2\/types\/page"}],"author":[{"embeddable":true,"href":"https:\/\/www.rachat-cash.com\/moto\/wp-json\/wp\/v2\/users\/5"}],"replies":[{"embeddable":true,"href":"https:\/\/www.rachat-cash.com\/moto\/wp-json\/wp\/v2\/comments?post=179"}],"version-history":[{"count":44,"href":"https:\/\/www.rachat-cash.com\/moto\/wp-json\/wp\/v2\/pages\/179\/revisions"}],"predecessor-version":[{"id":1019,"href":"https:\/\/www.rachat-cash.com\/moto\/wp-json\/wp\/v2\/pages\/179\/revisions\/1019"}],"wp:attachment":[{"href":"https:\/\/www.rachat-cash.com\/moto\/wp-json\/wp\/v2\/media?parent=179"}],"curies":[{"name":"wp","href":"https:\/\/api.w.org\/{rel}","templated":true}]}}